{"id":2,"date":"2021-12-15T11:38:52","date_gmt":"2021-12-15T11:38:52","guid":{"rendered":"https:\/\/www.greenpulse.eu\/?page_id=2"},"modified":"2021-12-15T11:38:52","modified_gmt":"2021-12-15T11:38:52","slug":"voorbeeld-pagina","status":"publish","type":"page","link":"https:\/\/www.greenpulse.eu\/de\/voorbeeld-pagina\/","title":{"rendered":"Startseite"},"content":{"rendered":"<p>Dies ist ein Blogbeitrag. Es ist etwas anderes als ein Blog-Bericht, wenn er auf einer Seite erscheint und in der Navigation der Website (in den meisten Themenbereichen) angezeigt wird. Die meisten Menschen beginnen mit einer Seite, die sie an potentielle Kunden weiterleitet. Das kann auch auf diese Seite hinweisen:<\/p>\n\n\n\n<blockquote class=\"wp-block-quote is-layout-flow wp-block-quote-is-layout-flow\"><p>Hoi daar! Ik ben een fietskoerier in het dagelijks leven en een beginnende acteur in de avonduren, en dit is mijn site. Ich lebe in Los Angeles, habe ein sch\u00f6nes Haus, das Jack geh\u00f6rt, und ich liebe Pi\u00f1a Coladas. (En overvallen worden door de regen.)<\/p><\/blockquote>\n\n\n\n<p>...of zoiets als dit:<\/p>\n\n\n\n<blockquote class=\"wp-block-quote is-layout-flow wp-block-quote-is-layout-flow\"><p>Die XYZ Doohickey Company wurde 1971 gegr\u00fcndet und hat seither fantastische Dingsbumse an die \u00d6ffentlichkeit gebracht. Gevestigd in Gotham City, heeft XYZ meer dan 2000 mensen in dienst und doet allerlei fantastische dingen voor de community in Gotham.<\/p><\/blockquote>\n\n\n\n<p>Als neuer WordPress-Anwender kann man <a href=\"https:\/\/www.greenpulse.eu\/wp-admin\/\">je Armaturenbrett<\/a> damit diese Seite verwaltet und neue Seiten f\u00fcr Sie erstellt werden k\u00f6nnen. Sehr erfreulich!<\/p>","protected":false},"excerpt":{"rendered":"<p>Dit is een voorbeeldpagina. Het is anders dan een blog bericht omdat het op \u00e9\u00e9n plek blijft en tevoorschijn komt in je site navigatie (in de meeste thema&#8217;s). De meeste mensen starten met een Over pagina dat hen voorstelt aan potenti\u00eble site bezoekers. Het zou iets als dit kunnen zeggen: Hoi daar! Ik ben een [&hellip;]<\/p>\n","protected":false},"author":1,"featured_media":0,"parent":0,"menu_order":0,"comment_status":"closed","ping_status":"closed","template":"","meta":{"_acf_changed":false,"footnotes":""},"class_list":["post-2","page","type-page","status-publish","hentry"],"acf":[],"yoast_head":"<!-- This site is optimized with the Yoast SEO plugin v27.4 - https:\/\/yoast.com\/product\/yoast-seo-wordpress\/ -->\n<title>Voorbeeld pagina - Greenpulse<\/title>\n<meta name=\"robots\" content=\"index, follow, max-snippet:-1, max-image-preview:large, max-video-preview:-1\" \/>\n<link rel=\"canonical\" href=\"https:\/\/www.greenpulse.eu\/de\/voorbeeld-pagina\/\" \/>\n<meta property=\"og:locale\" content=\"de_DE\" \/>\n<meta property=\"og:type\" content=\"article\" \/>\n<meta property=\"og:title\" content=\"Voorbeeld pagina - Greenpulse\" \/>\n<meta property=\"og:description\" content=\"Dit is een voorbeeldpagina. Het is anders dan een blog bericht omdat het op \u00e9\u00e9n plek blijft en tevoorschijn komt in je site navigatie (in de meeste thema&#8217;s). De meeste mensen starten met een Over pagina dat hen voorstelt aan potenti\u00eble site bezoekers. Het zou iets als dit kunnen zeggen: Hoi daar! Ik ben een [&hellip;]\" \/>\n<meta property=\"og:url\" content=\"https:\/\/www.greenpulse.eu\/de\/voorbeeld-pagina\/\" \/>\n<meta property=\"og:site_name\" content=\"Greenpulse\" \/>\n<meta name=\"twitter:card\" content=\"summary_large_image\" \/>\n<meta name=\"twitter:label1\" content=\"Gesch\u00e4tzte Lesezeit\" \/>\n\t<meta name=\"twitter:data1\" content=\"1\u00a0Minute\" \/>\n<script type=\"application\/ld+json\" class=\"yoast-schema-graph\">{\"@context\":\"https:\\\/\\\/schema.org\",\"@graph\":[{\"@type\":\"WebPage\",\"@id\":\"https:\\\/\\\/www.greenpulse.eu\\\/voorbeeld-pagina\\\/\",\"url\":\"https:\\\/\\\/www.greenpulse.eu\\\/voorbeeld-pagina\\\/\",\"name\":\"Voorbeeld pagina - Greenpulse\",\"isPartOf\":{\"@id\":\"https:\\\/\\\/www.greenpulse.eu\\\/#website\"},\"datePublished\":\"2021-12-15T11:38:52+00:00\",\"breadcrumb\":{\"@id\":\"https:\\\/\\\/www.greenpulse.eu\\\/voorbeeld-pagina\\\/#breadcrumb\"},\"inLanguage\":\"de\",\"potentialAction\":[{\"@type\":\"ReadAction\",\"target\":[\"https:\\\/\\\/www.greenpulse.eu\\\/voorbeeld-pagina\\\/\"]}]},{\"@type\":\"BreadcrumbList\",\"@id\":\"https:\\\/\\\/www.greenpulse.eu\\\/voorbeeld-pagina\\\/#breadcrumb\",\"itemListElement\":[{\"@type\":\"ListItem\",\"position\":1,\"name\":\"Home\",\"item\":\"https:\\\/\\\/www.greenpulse.eu\\\/\"},{\"@type\":\"ListItem\",\"position\":2,\"name\":\"Voorbeeld pagina\"}]},{\"@type\":\"WebSite\",\"@id\":\"https:\\\/\\\/www.greenpulse.eu\\\/#website\",\"url\":\"https:\\\/\\\/www.greenpulse.eu\\\/\",\"name\":\"Greenpulse\",\"description\":\"A reliable partner for renewable energy\",\"publisher\":{\"@id\":\"https:\\\/\\\/www.greenpulse.eu\\\/#organization\"},\"potentialAction\":[{\"@type\":\"SearchAction\",\"target\":{\"@type\":\"EntryPoint\",\"urlTemplate\":\"https:\\\/\\\/www.greenpulse.eu\\\/?s={search_term_string}\"},\"query-input\":{\"@type\":\"PropertyValueSpecification\",\"valueRequired\":true,\"valueName\":\"search_term_string\"}}],\"inLanguage\":\"de\"},{\"@type\":\"Organization\",\"@id\":\"https:\\\/\\\/www.greenpulse.eu\\\/#organization\",\"name\":\"GreenPulse\",\"url\":\"https:\\\/\\\/www.greenpulse.eu\\\/\",\"logo\":{\"@type\":\"ImageObject\",\"inLanguage\":\"de\",\"@id\":\"https:\\\/\\\/www.greenpulse.eu\\\/#\\\/schema\\\/logo\\\/image\\\/\",\"url\":\"https:\\\/\\\/www.greenpulse.eu\\\/wp-content\\\/uploads\\\/2021\\\/12\\\/logo.svg\",\"contentUrl\":\"https:\\\/\\\/www.greenpulse.eu\\\/wp-content\\\/uploads\\\/2021\\\/12\\\/logo.svg\",\"width\":418,\"height\":73,\"caption\":\"GreenPulse\"},\"image\":{\"@id\":\"https:\\\/\\\/www.greenpulse.eu\\\/#\\\/schema\\\/logo\\\/image\\\/\"}}]}<\/script>\n<!-- \/ Yoast SEO plugin. -->","yoast_head_json":{"title":"Voorbeeld pagina - Greenpulse","robots":{"index":"index","follow":"follow","max-snippet":"max-snippet:-1","max-image-preview":"max-image-preview:large","max-video-preview":"max-video-preview:-1"},"canonical":"https:\/\/www.greenpulse.eu\/de\/voorbeeld-pagina\/","og_locale":"de_DE","og_type":"article","og_title":"Voorbeeld pagina - Greenpulse","og_description":"Dit is een voorbeeldpagina. Het is anders dan een blog bericht omdat het op \u00e9\u00e9n plek blijft en tevoorschijn komt in je site navigatie (in de meeste thema&#8217;s). De meeste mensen starten met een Over pagina dat hen voorstelt aan potenti\u00eble site bezoekers. Het zou iets als dit kunnen zeggen: Hoi daar! Ik ben een [&hellip;]","og_url":"https:\/\/www.greenpulse.eu\/de\/voorbeeld-pagina\/","og_site_name":"Greenpulse","twitter_card":"summary_large_image","twitter_misc":{"Gesch\u00e4tzte Lesezeit":"1\u00a0Minute"},"schema":{"@context":"https:\/\/schema.org","@graph":[{"@type":"WebPage","@id":"https:\/\/www.greenpulse.eu\/voorbeeld-pagina\/","url":"https:\/\/www.greenpulse.eu\/voorbeeld-pagina\/","name":"Voorbeeld pagina - Greenpulse","isPartOf":{"@id":"https:\/\/www.greenpulse.eu\/#website"},"datePublished":"2021-12-15T11:38:52+00:00","breadcrumb":{"@id":"https:\/\/www.greenpulse.eu\/voorbeeld-pagina\/#breadcrumb"},"inLanguage":"de","potentialAction":[{"@type":"ReadAction","target":["https:\/\/www.greenpulse.eu\/voorbeeld-pagina\/"]}]},{"@type":"BreadcrumbList","@id":"https:\/\/www.greenpulse.eu\/voorbeeld-pagina\/#breadcrumb","itemListElement":[{"@type":"ListItem","position":1,"name":"Home","item":"https:\/\/www.greenpulse.eu\/"},{"@type":"ListItem","position":2,"name":"Voorbeeld pagina"}]},{"@type":"WebSite","@id":"https:\/\/www.greenpulse.eu\/#website","url":"https:\/\/www.greenpulse.eu\/","name":"Gr\u00fcnerImpuls","description":"Ein zuverl\u00e4ssiger Partner f\u00fcr erneuerbare Energien","publisher":{"@id":"https:\/\/www.greenpulse.eu\/#organization"},"potentialAction":[{"@type":"SearchAction","target":{"@type":"EntryPoint","urlTemplate":"https:\/\/www.greenpulse.eu\/?s={search_term_string}"},"query-input":{"@type":"PropertyValueSpecification","valueRequired":true,"valueName":"search_term_string"}}],"inLanguage":"de"},{"@type":"Organization","@id":"https:\/\/www.greenpulse.eu\/#organization","name":"Gr\u00fcnerPuls","url":"https:\/\/www.greenpulse.eu\/","logo":{"@type":"ImageObject","inLanguage":"de","@id":"https:\/\/www.greenpulse.eu\/#\/schema\/logo\/image\/","url":"https:\/\/www.greenpulse.eu\/wp-content\/uploads\/2021\/12\/logo.svg","contentUrl":"https:\/\/www.greenpulse.eu\/wp-content\/uploads\/2021\/12\/logo.svg","width":418,"height":73,"caption":"GreenPulse"},"image":{"@id":"https:\/\/www.greenpulse.eu\/#\/schema\/logo\/image\/"}}]}},"_links":{"self":[{"href":"https:\/\/www.greenpulse.eu\/de\/wp-json\/wp\/v2\/pages\/2","targetHints":{"allow":["GET"]}}],"collection":[{"href":"https:\/\/www.greenpulse.eu\/de\/wp-json\/wp\/v2\/pages"}],"about":[{"href":"https:\/\/www.greenpulse.eu\/de\/wp-json\/wp\/v2\/types\/page"}],"author":[{"embeddable":true,"href":"https:\/\/www.greenpulse.eu\/de\/wp-json\/wp\/v2\/users\/1"}],"replies":[{"embeddable":true,"href":"https:\/\/www.greenpulse.eu\/de\/wp-json\/wp\/v2\/comments?post=2"}],"version-history":[{"count":0,"href":"https:\/\/www.greenpulse.eu\/de\/wp-json\/wp\/v2\/pages\/2\/revisions"}],"wp:attachment":[{"href":"https:\/\/www.greenpulse.eu\/de\/wp-json\/wp\/v2\/media?parent=2"}],"curies":[{"name":"wp","href":"https:\/\/api.w.org\/{rel}","templated":true}]}}